{"id":77,"date":"2018-02-19T20:02:11","date_gmt":"2018-02-20T02:02:11","guid":{"rendered":"https:\/\/los.cascabeles.org\/?page_id=77"},"modified":"2018-03-07T22:38:49","modified_gmt":"2018-03-08T04:38:49","slug":"about","status":"publish","type":"page","link":"https:\/\/cascabeles.org\/index.php\/en\/about\/","title":{"rendered":"About"},"content":{"rendered":"<figure id=\"attachment_76\" aria-describedby=\"caption-attachment-76\" style=\"width: 300px\" class=\"wp-caption alignright\"><img loading=\"lazy\" decoding=\"async\" class=\"wp-image-76\" src=\"https:\/\/los.cascabeles.org\/wp-content\/uploads\/2018\/02\/DSCI2044.jpg\" alt=\"Cornfield\" width=\"300\" height=\"225\" \/><figcaption id=\"caption-attachment-76\" class=\"wp-caption-text\">A cornfield with a primitive barbwire gate<\/figcaption><\/figure>\n<p>Los Cascabeles is a finca &#8211; a rural property &#8211; in the countryside near south of the <a href=\"https:\/\/en.wikipedia.org\/wiki\/Le%C3%B3n,_Nicaragua\">city of Le\u00f3n<\/a> in Nicaragua, Central America.\u00a0 It is a part of a small mountain range with an elevation of at most\u00a0250\u00a0meters above sea level and shares its dry tropical climate with the <a href=\"https:\/\/en.wikipedia.org\/wiki\/Le%C3%B3n_Department\">region of Le\u00f3n<\/a>.<\/p>\n<h2><\/h2>\n<h2>Recent Posts:<\/h2>\n<ul class=\"display-posts-listing\"><li class=\"listing-item\"><a class=\"title\" href=\"https:\/\/cascabeles.org\/index.php\/feuerbericht-20180311\/\">Feuermeldung: 20180311<\/a> <span class=\"excerpt-dash\">-<\/span> <span class=\"excerpt\">Feuer aus! Unsere Waldh\u00fcter und vier junge M\u00e4nner aus der Nachbarschaft haben von fr\u00fch am Morgen bis ein Uhr Nachmittag gearbeitet um dem Brennen schlie\u00dflich ein Ende zu bereiten. Wir hatten Gl\u00fcck, denn der Wind ist heute etwas abgeflaut. Die ganze Familie fuhr um neun Uhr fr\u00fch nach Los Cascabeles und wir konnten einen Vertreter [&hellip;]<\/span><\/li><li class=\"listing-item\"><a class=\"title\" href=\"https:\/\/cascabeles.org\/index.php\/en\/fire-report-20180311\/\">Fire report: 20180311<\/a> <span class=\"excerpt-dash\">-<\/span> <span class=\"excerpt\">Fire out! Our rangers and four young man from the neighborhood worked from early in the morning until one o&#8217;clock in the afternoon to finally put an end to the burning. We had good luck, because winds have weakened today. The whole family went to Los Cascabeles at nine in the morning and we took [&hellip;]<\/span><\/li><li class=\"listing-item\"><a class=\"title\" href=\"https:\/\/cascabeles.org\/index.php\/feuermeldung-20180310\/\">Feuermeldung: 20180310<\/a> <span class=\"excerpt-dash\">-<\/span> <span class=\"excerpt\">Heute ist der vierte Tag unseres Kampfs gegen das Feuer auf Los Cascabeles. Gestern hatte sich die Lage ein bisschen beruhigt, unser Ranger heuerten vier Jungs aus der Nachbarschaft an und durchforsteten systematisch das ganze Gel\u00e4nde um Glutnester zu finden und sie zu beseitigen. Sie schafften es alles zu l\u00f6schen bis auf einen kleinen Bereich. [&hellip;]<\/span><\/li><li class=\"listing-item\"><a class=\"title\" href=\"https:\/\/cascabeles.org\/index.php\/en\/fire-report-20180310\/\">Fire report: 20180310<\/a> <span class=\"excerpt-dash\">-<\/span> <span class=\"excerpt\">This is the fourth day we are fighting against the fire at Los Cascabeles. Yesterday things have calmed down a little bit, our rangers hired four boys from the neighborhood to make a sweep over the whole area in order to find the pockets of ember and eradicate them. They managed to close down all [&hellip;]<\/span><\/li><li class=\"listing-item\"><a class=\"title\" href=\"https:\/\/cascabeles.org\/index.php\/fire-report-20180308\/\">Feuermeldung: 20180308<\/a> <span class=\"excerpt-dash\">-<\/span> <span class=\"excerpt\">Paul &#8216;s Augen leuchteten vor Gl\u00fcck als ich im erkl\u00e4rte, er w\u00fcrde heute Nachmittag bei mir auf der Universit\u00e4t verbringen. Er hatte sich schon seit so langer Zeit gew\u00fcnscht, einmal mit dem Papa in die Arbeit mitfahren zu k\u00f6nnen. Es wurde der perfekte Nachmittag f\u00fcr ihn. Danach gab es Abendessen und ich brachte ihn auch [&hellip;]<\/span><\/li><\/ul>\n","protected":false},"excerpt":{"rendered":"<p>Los Cascabeles is a finca &#8211; a rural property &#8211; in the countryside near south of the city of Le\u00f3n in Nicaragua, Central America.\u00a0 It is a part of a small mountain range with an elevation of at most\u00a0250\u00a0meters above sea level and shares its dry tropical climate with the region of Le\u00f3n. Recent Posts:<\/p>\n","protected":false},"author":2,"featured_media":0,"parent":0,"menu_order":0,"comment_status":"closed","ping_status":"closed","template":"","meta":{"mf2_syndication":[],"footnotes":""},"class_list":{"0":"post-77","1":"page","2":"type-page","3":"status-publish","5":"kind-article","6":"h-entry","7":"hentry"},"_links":{"self":[{"href":"https:\/\/cascabeles.org\/index.php\/wp-json\/wp\/v2\/pages\/77","targetHints":{"allow":["GET"]}}],"collection":[{"href":"https:\/\/cascabeles.org\/index.php\/wp-json\/wp\/v2\/pages"}],"about":[{"href":"https:\/\/cascabeles.org\/index.php\/wp-json\/wp\/v2\/types\/page"}],"author":[{"embeddable":true,"href":"https:\/\/cascabeles.org\/index.php\/wp-json\/wp\/v2\/users\/2"}],"replies":[{"embeddable":true,"href":"https:\/\/cascabeles.org\/index.php\/wp-json\/wp\/v2\/comments?post=77"}],"version-history":[{"count":6,"href":"https:\/\/cascabeles.org\/index.php\/wp-json\/wp\/v2\/pages\/77\/revisions"}],"predecessor-version":[{"id":140,"href":"https:\/\/cascabeles.org\/index.php\/wp-json\/wp\/v2\/pages\/77\/revisions\/140"}],"wp:attachment":[{"href":"https:\/\/cascabeles.org\/index.php\/wp-json\/wp\/v2\/media?parent=77"}],"curies":[{"name":"wp","href":"https:\/\/api.w.org\/{rel}","templated":true}]}}